{"id":1269,"date":"2024-09-29T15:49:38","date_gmt":"2024-09-29T15:49:38","guid":{"rendered":"https:\/\/www.3de13.com\/?post_type=product&#038;p=1269"},"modified":"2025-03-06T10:35:25","modified_gmt":"2025-03-06T10:35:25","slug":"lampara-artesanal-acero-35","status":"publish","type":"product","link":"https:\/\/www.3de13.com\/ca\/producte\/lampara-artesanal-acero-35","title":{"rendered":"L\u00e1mpara artesanal de acero #35"},"content":{"rendered":"<p>Altura: 160<\/p>\n<p>Largo: 290<\/p>\n<p>Ancho: 190<\/p>","protected":false},"excerpt":{"rendered":"<p>La forma d'aquesta l\u00e0mpada d'acer va sorgir per casualitat. Fent una altra pe\u00e7a, vaig deixar uns marcs l'un sobre l'altre mentre soldava... i all\u00e0 la vaig veure. Dos dies m\u00e9s tard, vaig agafar passam\u00e0 i em vaig posar a donar forma al que havia vist. El resultat, una l\u00e0mpada fosca amb una personalitat captivadora.<\/p>","protected":false},"featured_media":1438,"comment_status":"open","ping_status":"closed","template":"","meta":{"_et_pb_use_builder":"","_et_pb_old_content":"","_et_gb_content_width":""},"product_brand":[],"product_cat":[49],"product_tag":[],"class_list":{"0":"post-1269","1":"product","2":"type-product","3":"status-publish","4":"has-post-thumbnail","6":"product_cat-luces","7":"product_shipping_class-envios-medianos","9":"first","10":"outofstock","11":"taxable","12":"shipping-taxable","13":"purchasable","14":"product-type-simple"},"_links":{"self":[{"href":"https:\/\/www.3de13.com\/ca\/wp-json\/wp\/v2\/product\/1269","targetHints":{"allow":["GET"]}}],"collection":[{"href":"https:\/\/www.3de13.com\/ca\/wp-json\/wp\/v2\/product"}],"about":[{"href":"https:\/\/www.3de13.com\/ca\/wp-json\/wp\/v2\/types\/product"}],"replies":[{"embeddable":true,"href":"https:\/\/www.3de13.com\/ca\/wp-json\/wp\/v2\/comments?post=1269"}],"wp:featuredmedia":[{"embeddable":true,"href":"https:\/\/www.3de13.com\/ca\/wp-json\/wp\/v2\/media\/1438"}],"wp:attachment":[{"href":"https:\/\/www.3de13.com\/ca\/wp-json\/wp\/v2\/media?parent=1269"}],"wp:term":[{"taxonomy":"product_brand","embeddable":true,"href":"https:\/\/www.3de13.com\/ca\/wp-json\/wp\/v2\/product_brand?post=1269"},{"taxonomy":"product_cat","embeddable":true,"href":"https:\/\/www.3de13.com\/ca\/wp-json\/wp\/v2\/product_cat?post=1269"},{"taxonomy":"product_tag","embeddable":true,"href":"https:\/\/www.3de13.com\/ca\/wp-json\/wp\/v2\/product_tag?post=1269"}],"curies":[{"name":"wp","href":"https:\/\/api.w.org\/{rel}","templated":true}]}}