{"id":1289,"date":"2024-09-29T16:15:07","date_gmt":"2024-09-29T16:15:07","guid":{"rendered":"https:\/\/www.3de13.com\/?post_type=product&#038;p=1289"},"modified":"2025-02-10T10:40:00","modified_gmt":"2025-02-10T10:40:00","slug":"centro-de-mesa-artesanal-37","status":"publish","type":"product","link":"https:\/\/www.3de13.com\/ca\/producte\/centro-de-mesa-artesanal-37","title":{"rendered":"Centro de mesa artesanal #37"},"content":{"rendered":"<p>Al\u00e7ada: 50 mm<\/p>\n<p>llarg: 230mm<\/p>\n<p>Amplada: 210mm<\/p>","protected":false},"excerpt":{"rendered":"<p>Molts em pregunten: \"Aix\u00f2, qu\u00e8 \u00e9s?\" i jo responc: \"No ho s\u00e9.\" S\u00e9 que m'agrada. S\u00e9 que les seves formes et captiven d'alguna manera, s\u00e9 que la fusta de cirerer t\u00e9 un color vermell\u00f3s que combina amb el color negre del passam\u00e0, s\u00e9 que pots posar-hi objectes a sobre com una safata, s\u00e9 que el pots utilitzar com a plat per posar-hi embotits, s\u00e9 que pots posar-hi espelmes, s\u00e9 que pot ser un centre de taula original...<\/p>","protected":false},"featured_media":1290,"comment_status":"open","ping_status":"closed","template":"","meta":{"_et_pb_use_builder":"","_et_pb_old_content":"","_et_gb_content_width":""},"product_brand":[],"product_cat":[51],"product_tag":[],"class_list":{"0":"post-1289","1":"product","2":"type-product","3":"status-publish","4":"has-post-thumbnail","6":"product_cat-articulos-de-mesa","7":"product_shipping_class-envio-pequeno","9":"first","10":"instock","11":"taxable","12":"shipping-taxable","13":"purchasable","14":"product-type-simple"},"_links":{"self":[{"href":"https:\/\/www.3de13.com\/ca\/wp-json\/wp\/v2\/product\/1289","targetHints":{"allow":["GET"]}}],"collection":[{"href":"https:\/\/www.3de13.com\/ca\/wp-json\/wp\/v2\/product"}],"about":[{"href":"https:\/\/www.3de13.com\/ca\/wp-json\/wp\/v2\/types\/product"}],"replies":[{"embeddable":true,"href":"https:\/\/www.3de13.com\/ca\/wp-json\/wp\/v2\/comments?post=1289"}],"wp:featuredmedia":[{"embeddable":true,"href":"https:\/\/www.3de13.com\/ca\/wp-json\/wp\/v2\/media\/1290"}],"wp:attachment":[{"href":"https:\/\/www.3de13.com\/ca\/wp-json\/wp\/v2\/media?parent=1289"}],"wp:term":[{"taxonomy":"product_brand","embeddable":true,"href":"https:\/\/www.3de13.com\/ca\/wp-json\/wp\/v2\/product_brand?post=1289"},{"taxonomy":"product_cat","embeddable":true,"href":"https:\/\/www.3de13.com\/ca\/wp-json\/wp\/v2\/product_cat?post=1289"},{"taxonomy":"product_tag","embeddable":true,"href":"https:\/\/www.3de13.com\/ca\/wp-json\/wp\/v2\/product_tag?post=1289"}],"curies":[{"name":"wp","href":"https:\/\/api.w.org\/{rel}","templated":true}]}}