{"id":1295,"date":"2024-09-29T16:22:34","date_gmt":"2024-09-29T16:22:34","guid":{"rendered":"https:\/\/www.3de13.com\/?post_type=product&#038;p=1295"},"modified":"2025-03-31T08:21:09","modified_gmt":"2025-03-31T08:21:09","slug":"centro-de-mesa-artesanal-38","status":"publish","type":"product","link":"https:\/\/www.3de13.com\/ca\/producte\/centro-de-mesa-artesanal-38","title":{"rendered":"Centro de mesa artesanal #38"},"content":{"rendered":"<p>Al\u00e7ada: 50 mm<\/p>\n<p>Llargada: 300mm<\/p>\n<p>Amplada: 260mm<\/p>","protected":false},"excerpt":{"rendered":"<p>Aquest centre de taula (o potser una safata) t\u00e9 un aire oriental que m'encanta. La fusta \u00e9s de cirerer i el lateral visible mant\u00e9 les vetes originals del tronc. Els petits nanses, amb vareta rodona corbada a m\u00e0, realcen encara m\u00e9s l'estil japon\u00e8s que tant m'agrada.<\/p>","protected":false},"featured_media":1440,"comment_status":"open","ping_status":"closed","template":"","meta":{"_et_pb_use_builder":"","_et_pb_old_content":"","_et_gb_content_width":""},"product_brand":[],"product_cat":[51],"product_tag":[],"class_list":{"0":"post-1295","1":"product","2":"type-product","3":"status-publish","4":"has-post-thumbnail","6":"product_cat-articulos-de-mesa","7":"product_shipping_class-envio-pequeno","9":"first","10":"instock","11":"taxable","12":"shipping-taxable","13":"purchasable","14":"product-type-simple"},"_links":{"self":[{"href":"https:\/\/www.3de13.com\/ca\/wp-json\/wp\/v2\/product\/1295","targetHints":{"allow":["GET"]}}],"collection":[{"href":"https:\/\/www.3de13.com\/ca\/wp-json\/wp\/v2\/product"}],"about":[{"href":"https:\/\/www.3de13.com\/ca\/wp-json\/wp\/v2\/types\/product"}],"replies":[{"embeddable":true,"href":"https:\/\/www.3de13.com\/ca\/wp-json\/wp\/v2\/comments?post=1295"}],"wp:featuredmedia":[{"embeddable":true,"href":"https:\/\/www.3de13.com\/ca\/wp-json\/wp\/v2\/media\/1440"}],"wp:attachment":[{"href":"https:\/\/www.3de13.com\/ca\/wp-json\/wp\/v2\/media?parent=1295"}],"wp:term":[{"taxonomy":"product_brand","embeddable":true,"href":"https:\/\/www.3de13.com\/ca\/wp-json\/wp\/v2\/product_brand?post=1295"},{"taxonomy":"product_cat","embeddable":true,"href":"https:\/\/www.3de13.com\/ca\/wp-json\/wp\/v2\/product_cat?post=1295"},{"taxonomy":"product_tag","embeddable":true,"href":"https:\/\/www.3de13.com\/ca\/wp-json\/wp\/v2\/product_tag?post=1295"}],"curies":[{"name":"wp","href":"https:\/\/api.w.org\/{rel}","templated":true}]}}