{"id":1307,"date":"2024-09-29T16:33:27","date_gmt":"2024-09-29T16:33:27","guid":{"rendered":"https:\/\/www.3de13.com\/?post_type=product&#038;p=1307"},"modified":"2025-02-10T10:34:33","modified_gmt":"2025-02-10T10:34:33","slug":"estanteria-artesanal-39","status":"publish","type":"product","link":"https:\/\/www.3de13.com\/ca\/producte\/estanteria-artesanal-39","title":{"rendered":"Estanter\u00eda artesanal #39"},"content":{"rendered":"<p>al\u00e7ada: 150 mm<\/p>\n<p>Llarg: 530 mm<\/p>\n<p>ample: 150 mm<\/p>","protected":false},"excerpt":{"rendered":"<p>Vaig reciclar una fusta d'avet que tenia al taller. Estava clar que aquest element marcaria la resta de la pe\u00e7a. Com que \u00e9s petita i fina, els seus suports haurien d'estar en l\u00ednia... per\u00f2 vaig voler que la vareta abrac\u00e9s, d'alguna manera, la petita i fr\u00e0gil fusta.<\/p>","protected":false},"featured_media":1308,"comment_status":"open","ping_status":"closed","template":"","meta":{"_et_pb_use_builder":"","_et_pb_old_content":"","_et_gb_content_width":""},"product_brand":[],"product_cat":[56],"product_tag":[],"class_list":{"0":"post-1307","1":"product","2":"type-product","3":"status-publish","4":"has-post-thumbnail","6":"product_cat-estanterias","7":"product_shipping_class-envios-medianos","9":"first","10":"instock","11":"taxable","12":"shipping-taxable","13":"purchasable","14":"product-type-simple"},"_links":{"self":[{"href":"https:\/\/www.3de13.com\/ca\/wp-json\/wp\/v2\/product\/1307","targetHints":{"allow":["GET"]}}],"collection":[{"href":"https:\/\/www.3de13.com\/ca\/wp-json\/wp\/v2\/product"}],"about":[{"href":"https:\/\/www.3de13.com\/ca\/wp-json\/wp\/v2\/types\/product"}],"replies":[{"embeddable":true,"href":"https:\/\/www.3de13.com\/ca\/wp-json\/wp\/v2\/comments?post=1307"}],"wp:featuredmedia":[{"embeddable":true,"href":"https:\/\/www.3de13.com\/ca\/wp-json\/wp\/v2\/media\/1308"}],"wp:attachment":[{"href":"https:\/\/www.3de13.com\/ca\/wp-json\/wp\/v2\/media?parent=1307"}],"wp:term":[{"taxonomy":"product_brand","embeddable":true,"href":"https:\/\/www.3de13.com\/ca\/wp-json\/wp\/v2\/product_brand?post=1307"},{"taxonomy":"product_cat","embeddable":true,"href":"https:\/\/www.3de13.com\/ca\/wp-json\/wp\/v2\/product_cat?post=1307"},{"taxonomy":"product_tag","embeddable":true,"href":"https:\/\/www.3de13.com\/ca\/wp-json\/wp\/v2\/product_tag?post=1307"}],"curies":[{"name":"wp","href":"https:\/\/api.w.org\/{rel}","templated":true}]}}