{"id":1325,"date":"2024-09-30T14:26:17","date_gmt":"2024-09-30T14:26:17","guid":{"rendered":"https:\/\/www.3de13.com\/?post_type=product&#038;p=1325"},"modified":"2025-02-10T10:25:55","modified_gmt":"2025-02-10T10:25:55","slug":"bandeja-artesanal-de-baldosas-42","status":"publish","type":"product","link":"https:\/\/www.3de13.com\/ca\/producte\/bandeja-artesanal-de-baldosas-42","title":{"rendered":"Bandeja artesanal de baldosa #42"},"content":{"rendered":"<p>al\u00e7ada: 100mm<\/p>\n<p>Llargada: 300mm<\/p>\n<p>Amplada: 200mm<\/p>","protected":false},"excerpt":{"rendered":"<p>Els colors frescos i amables d\u2019aquesta safata v\u00e9nen donats per les rajoles\u2026 per\u00f2 la seva personalitat es reafirma quan la agafes. El seu pes \u00e9s una part essencial del seu ser. Jo nom\u00e9s la vaig envoltar en acer per donar-li el meu toc personal. Pots escollir qualsevol de les tres rajoles, tot i que ser\u00e0 dif\u00edcil decidir\u2026<\/p>","protected":false},"featured_media":1326,"comment_status":"open","ping_status":"closed","template":"","meta":{"_et_pb_use_builder":"","_et_pb_old_content":"","_et_gb_content_width":""},"product_brand":[],"product_cat":[51],"product_tag":[],"class_list":{"0":"post-1325","1":"product","2":"type-product","3":"status-publish","4":"has-post-thumbnail","6":"product_cat-articulos-de-mesa","7":"product_shipping_class-envio-pequeno","9":"first","10":"instock","11":"taxable","12":"shipping-taxable","13":"purchasable","14":"product-type-simple"},"_links":{"self":[{"href":"https:\/\/www.3de13.com\/ca\/wp-json\/wp\/v2\/product\/1325","targetHints":{"allow":["GET"]}}],"collection":[{"href":"https:\/\/www.3de13.com\/ca\/wp-json\/wp\/v2\/product"}],"about":[{"href":"https:\/\/www.3de13.com\/ca\/wp-json\/wp\/v2\/types\/product"}],"replies":[{"embeddable":true,"href":"https:\/\/www.3de13.com\/ca\/wp-json\/wp\/v2\/comments?post=1325"}],"wp:featuredmedia":[{"embeddable":true,"href":"https:\/\/www.3de13.com\/ca\/wp-json\/wp\/v2\/media\/1326"}],"wp:attachment":[{"href":"https:\/\/www.3de13.com\/ca\/wp-json\/wp\/v2\/media?parent=1325"}],"wp:term":[{"taxonomy":"product_brand","embeddable":true,"href":"https:\/\/www.3de13.com\/ca\/wp-json\/wp\/v2\/product_brand?post=1325"},{"taxonomy":"product_cat","embeddable":true,"href":"https:\/\/www.3de13.com\/ca\/wp-json\/wp\/v2\/product_cat?post=1325"},{"taxonomy":"product_tag","embeddable":true,"href":"https:\/\/www.3de13.com\/ca\/wp-json\/wp\/v2\/product_tag?post=1325"}],"curies":[{"name":"wp","href":"https:\/\/api.w.org\/{rel}","templated":true}]}}