{"id":1336,"date":"2024-09-30T14:31:25","date_gmt":"2024-09-30T14:31:25","guid":{"rendered":"https:\/\/www.3de13.com\/?post_type=product&#038;p=1336"},"modified":"2025-02-10T10:23:38","modified_gmt":"2025-02-10T10:23:38","slug":"bandeja-artesanal-de-azulejo-41","status":"publish","type":"product","link":"https:\/\/www.3de13.com\/ca\/producte\/bandeja-artesanal-de-azulejo-41","title":{"rendered":"Bandeja artesanal de azulejo #41"},"content":{"rendered":"<p>al\u00e7ada: 150 mm<\/p>\n<p>llarg: 200mm<\/p>\n<p>Amplada: 200mm<\/p>","protected":false},"excerpt":{"rendered":"<p>Una safata fina i singular. Dos rajoles de cuina antiga i una nansa d'acer doblegada a m\u00e0. Res m\u00e9s... i res menys. El millor d'aquest disseny \u00e9s que es poden fer servir qualsevol tipus de rajola. Potser \u00e9s hora de donar una segona vida a aquelles rajoles que tens al garatge i no saps qu\u00e8 fer-ne?<\/p>","protected":false},"featured_media":1337,"comment_status":"open","ping_status":"closed","template":"","meta":{"_et_pb_use_builder":"","_et_pb_old_content":"","_et_gb_content_width":""},"product_brand":[],"product_cat":[51],"product_tag":[],"class_list":{"0":"post-1336","1":"product","2":"type-product","3":"status-publish","4":"has-post-thumbnail","6":"product_cat-articulos-de-mesa","7":"product_shipping_class-envio-pequeno","9":"first","10":"instock","11":"taxable","12":"shipping-taxable","13":"purchasable","14":"product-type-simple"},"_links":{"self":[{"href":"https:\/\/www.3de13.com\/ca\/wp-json\/wp\/v2\/product\/1336","targetHints":{"allow":["GET"]}}],"collection":[{"href":"https:\/\/www.3de13.com\/ca\/wp-json\/wp\/v2\/product"}],"about":[{"href":"https:\/\/www.3de13.com\/ca\/wp-json\/wp\/v2\/types\/product"}],"replies":[{"embeddable":true,"href":"https:\/\/www.3de13.com\/ca\/wp-json\/wp\/v2\/comments?post=1336"}],"wp:featuredmedia":[{"embeddable":true,"href":"https:\/\/www.3de13.com\/ca\/wp-json\/wp\/v2\/media\/1337"}],"wp:attachment":[{"href":"https:\/\/www.3de13.com\/ca\/wp-json\/wp\/v2\/media?parent=1336"}],"wp:term":[{"taxonomy":"product_brand","embeddable":true,"href":"https:\/\/www.3de13.com\/ca\/wp-json\/wp\/v2\/product_brand?post=1336"},{"taxonomy":"product_cat","embeddable":true,"href":"https:\/\/www.3de13.com\/ca\/wp-json\/wp\/v2\/product_cat?post=1336"},{"taxonomy":"product_tag","embeddable":true,"href":"https:\/\/www.3de13.com\/ca\/wp-json\/wp\/v2\/product_tag?post=1336"}],"curies":[{"name":"wp","href":"https:\/\/api.w.org\/{rel}","templated":true}]}}